{"id":76,"date":"2022-08-20T00:04:07","date_gmt":"2022-08-19T22:04:07","guid":{"rendered":"https:\/\/www.chantalboutiquegoutetcouleur.fr\/?post_type=product&#038;p=76"},"modified":"2022-08-22T16:21:25","modified_gmt":"2022-08-22T14:21:25","slug":"robe-bleue-avec-dentelle-et-imprime-de-fleurs","status":"publish","type":"product","link":"https:\/\/www.chantalboutiquegoutetcouleur.fr\/index.php\/produit\/robe-bleue-avec-dentelle-et-imprime-de-fleurs\/","title":{"rendered":"Robe bleue avec dentelle et imprim\u00e9 de fleurs"},"content":{"rendered":"<p><span style=\"font-family: verdana, geneva;\">Robe bleue, dentelle et imprim\u00e9e de fleurs, orn\u00e9e d&rsquo;une broderie et perles, manches dentelle ferm\u00e9es par un poignet color\u00e9, dos uni, un smock resserre l\u00e9g\u00e8rement la taille, semblable coton<\/span><\/p>\n","protected":false},"excerpt":{"rendered":"<p><span style=\"font-family: verdana, geneva;\">Robe habill\u00e9e<\/span><\/p>\n","protected":false},"featured_media":72,"comment_status":"open","ping_status":"closed","template":"","meta":[],"product_brand":[],"product_cat":[18,19],"product_tag":[21,20],"class_list":{"0":"post-76","1":"product","2":"type-product","3":"status-publish","4":"has-post-thumbnail","6":"product_cat-hiver","7":"product_cat-robe","8":"product_tag-hiver","9":"product_tag-robe","11":"first","12":"instock","13":"shipping-taxable","14":"purchasable","15":"product-type-variable"},"jetpack_sharing_enabled":true,"_links":{"self":[{"href":"https:\/\/www.chantalboutiquegoutetcouleur.fr\/index.php\/wp-json\/wp\/v2\/product\/76","targetHints":{"allow":["GET"]}}],"collection":[{"href":"https:\/\/www.chantalboutiquegoutetcouleur.fr\/index.php\/wp-json\/wp\/v2\/product"}],"about":[{"href":"https:\/\/www.chantalboutiquegoutetcouleur.fr\/index.php\/wp-json\/wp\/v2\/types\/product"}],"replies":[{"embeddable":true,"href":"https:\/\/www.chantalboutiquegoutetcouleur.fr\/index.php\/wp-json\/wp\/v2\/comments?post=76"}],"wp:featuredmedia":[{"embeddable":true,"href":"https:\/\/www.chantalboutiquegoutetcouleur.fr\/index.php\/wp-json\/wp\/v2\/media\/72"}],"wp:attachment":[{"href":"https:\/\/www.chantalboutiquegoutetcouleur.fr\/index.php\/wp-json\/wp\/v2\/media?parent=76"}],"wp:term":[{"taxonomy":"product_brand","embeddable":true,"href":"https:\/\/www.chantalboutiquegoutetcouleur.fr\/index.php\/wp-json\/wp\/v2\/product_brand?post=76"},{"taxonomy":"product_cat","embeddable":true,"href":"https:\/\/www.chantalboutiquegoutetcouleur.fr\/index.php\/wp-json\/wp\/v2\/product_cat?post=76"},{"taxonomy":"product_tag","embeddable":true,"href":"https:\/\/www.chantalboutiquegoutetcouleur.fr\/index.php\/wp-json\/wp\/v2\/product_tag?post=76"}],"curies":[{"name":"wp","href":"https:\/\/api.w.org\/{rel}","templated":true}]}}